{"id":632,"date":"2020-05-04T14:51:30","date_gmt":"2020-05-04T12:51:30","guid":{"rendered":"https:\/\/berliner-schneehasen.com%20?page_id=632"},"modified":"2022-06-17T12:49:55","modified_gmt":"2022-06-17T10:49:55","slug":"historie","status":"publish","type":"page","link":"https:\/\/berliner-schneehasen.com\/?page_id=632","title":{"rendered":"Historie"},"content":{"rendered":"[vc_row center_row=&#8220;&#8220; css=&#8220;.vc_custom_1581792230179{margin-bottom: 40px !important;}&#8220;][vc_column][vc_column_text responsive_text=&#8220;true&#8220; text_align=&#8220;left&#8220; font_size=&#8220;18px&#8220;]Urspr\u00fcnglich als Skiverein gegr\u00fcndet, sind die Berliner Schneehasen heutzutage ein Sportverein, der sich besonders im Ausgleichs-, Fitness- und Gesundheitssport engagiert. Als Richard M\u00fcller 1952 als damaliger Lehrer der Victor-Gollancz-Schule in Berlin-Frohnau aus seiner pers\u00f6nlichen Leidenschaft f\u00fcr den Schneesport einen Verein gr\u00fcndete, steckte der Sport in Berlin nach den harten Jahren der Entbehrungen noch in den Kinderschuhen. Mit viel ehrenamtlichen Engagement schaffte es Richard M\u00fcller nicht nur seine Sch\u00fcler auf die Skier zu stellen, sondern auch deren Eltern und Freunde f\u00fcr die Sportart zu begeistern. Aber damit nicht genug, schnell merkten seine Anh\u00e4nger, dass die ambitionierten Schneehasen auch die restliche Zeit des Jahres fit bleiben mussten, um f\u00fcr die wei\u00dfen Wochen gut ger\u00fcstet zu sein. Bald wurden deshalb auch in Berlin ganzj\u00e4hrige Fitnesskurse angeboten, aus denen dann immer mehr wurden und auch die Variationen stetig zunahmen. Als Mitte der siebziger Jahre damals mit Grasski eine ganz neue Sportart den Freizeitmarkt eroberte, waren auch hier die Schneehasen schnell mit dabei und boten zuerst auf dem Teufelsberg und sp\u00e4ter auch auf der renaturierten M\u00fcllkippe in L\u00fcbars Kurse f\u00fcr jedermann an. \u00a0In dieser Zeit gl\u00e4nzten die Schneehasen auch durch hervorragende Wettkampfergebnisse im Grasskisport auf nationaler und internationaler Ebene.<br \/>\nAuf den Wunsch vieler Eltern nach Bewegungsangeboten f\u00fcr ihre Kinder reagierten auch hier die Schneehasen schnell und konnten in k\u00fcrzester Zeit so viele neue Mitglieder gewinnen, als Folge wuchs der Verein erstmals \u00fcber 1000 Mitglieder.<br \/>\nEine Schwimmgruppe der Berliner Schneehasen existiert seit Beginn der 90er-Jahre. Hier haben inzwischen viele Kinder die erste Wassergew\u00f6hnung erfahren und ihre ersten Schwimmabzeichen erworben.<br \/>\nNach anf\u00e4nglicher Konzentration der Vereinsangebote auf den Berliner Norden ist der Verein seit vielen Jahren auch in anderen Bezirken Berlins aktiv. So gibt es beispielsweise inzwischen auch gro\u00dfe Sportgruppen in Berlin-Lichtenrade, in Berlin-Charlottenburg und in Berlin-Hohensch\u00f6nhausen.<\/p>\n<p>Zwar wohnen die meisten Mitglieder in Frohnau oder Hermsdorf und treiben Sport in den verschiedensten Sporthallen, aber eine richtige Stammhalle hatten die Schneehasen viele Jahre lang nicht. Das \u00e4nderte sich, als Anfang 2001 die Evangelische Schule in Frohnau eine eigene Sporthalle errichtete und mit den Berliner Schneehasen als Partner einen exklusiven Nutzungsvertrag einging. Hier. er\u00f6ffnet der Verein nicht zuletzt durch das sportliche Kursprogramm auch Sportlern die M\u00f6glichkeit ohne feste Vereinsbindung sich regelm\u00e4\u00dfig unter Anleitung freudvoll und abwechslungsreich zu bewegen.<\/p>\n<p>Selbstverst\u00e4ndlich wird auch die urspr\u00fcngliche Hauptsportart der Schneehasen, der Schneesport, von vielen Mitgliedern aktiv betrieben. Familienskifahrten zu den Ferienterminen werden von \u00dcbungsleiterinnen und \u00dcbungsleitern des Vereins angeboten.[\/vc_column_text][\/vc_column][\/vc_row]\n","protected":false},"excerpt":{"rendered":"<p>[vc_row center_row=&#8220;&#8220; css=&#8220;.vc_custom_1581792230179{margin-bottom: 40px !important;}&#8220;][vc_column][vc_column_text responsive_text=&#8220;true&#8220; text_align=&#8220;left&#8220; font_size=&#8220;18px&#8220;]Urspr\u00fcnglich als Skiverein gegr\u00fcndet, sind die Berliner Schneehasen heutzutage ein Sportverein, der sich besonders im Ausgleichs-, Fitness- und Gesundheitssport engagiert. Als Richard M\u00fcller 1952 als damaliger Lehrer der Victor-Gollancz-Schule in Berlin-Frohnau aus seiner pers\u00f6nlichen Leidenschaft f\u00fcr den Schneesport einen Verein gr\u00fcndete, steckte der Sport in Berlin nach den&hellip;<\/p>\n","protected":false},"author":1,"featured_media":0,"parent":0,"menu_order":0,"comment_status":"closed","ping_status":"closed","template":"","meta":{"footnotes":""},"class_list":["post-632","page","type-page","status-publish","hentry","entry","no-media"],"_links":{"self":[{"href":"https:\/\/berliner-schneehasen.com\/index.php?rest_route=\/wp\/v2\/pages\/632","targetHints":{"allow":["GET"]}}],"collection":[{"href":"https:\/\/berliner-schneehasen.com\/index.php?rest_route=\/wp\/v2\/pages"}],"about":[{"href":"https:\/\/berliner-schneehasen.com\/index.php?rest_route=\/wp\/v2\/types\/page"}],"author":[{"embeddable":true,"href":"https:\/\/berliner-schneehasen.com\/index.php?rest_route=\/wp\/v2\/users\/1"}],"replies":[{"embeddable":true,"href":"https:\/\/berliner-schneehasen.com\/index.php?rest_route=%2Fwp%2Fv2%2Fcomments&post=632"}],"version-history":[{"count":6,"href":"https:\/\/berliner-schneehasen.com\/index.php?rest_route=\/wp\/v2\/pages\/632\/revisions"}],"predecessor-version":[{"id":1310,"href":"https:\/\/berliner-schneehasen.com\/index.php?rest_route=\/wp\/v2\/pages\/632\/revisions\/1310"}],"wp:attachment":[{"href":"https:\/\/berliner-schneehasen.com\/index.php?rest_route=%2Fwp%2Fv2%2Fmedia&parent=632"}],"curies":[{"name":"wp","href":"https:\/\/api.w.org\/{rel}","templated":true}]}}