{"id":624,"date":"2020-05-04T14:48:09","date_gmt":"2020-05-04T12:48:09","guid":{"rendered":"https:\/\/berliner-schneehasen.com%20?page_id=624"},"modified":"2024-01-16T13:26:38","modified_gmt":"2024-01-16T12:26:38","slug":"jugendschutz","status":"publish","type":"page","link":"https:\/\/berliner-schneehasen.com\/?page_id=624","title":{"rendered":"Kinder- und Jugendschutz"},"content":{"rendered":"[vc_row center_row=&#8220;&#8220; css=&#8220;.vc_custom_1581792230179{margin-bottom: 40px !important;}&#8220;][vc_column][vc_column_text]<span style=\"color: #0000ff;\"><strong><em>Erkl\u00e4rung zum Kinderschutz<\/em><\/strong><\/span><\/p>\n<p>Der Verein Berliner Schneehasen e.V. hat wie viele andere Berliner Sportvereine und Sportverb\u00e4nde bereits 2011 die gemeinsame <a href=\"https:\/\/www.kinderschutz-im-sport-berlin.de\/wp-content\/uploads\/2016\/06\/lsb_kinderschutz_erklaerung.pdf\"><strong><em>Erkl\u00e4rung zum Kinderschutz<\/em><\/strong><\/a> des Landessportbundes Berlin (LSB), der Sportjugend Berlin und des Evangelischen Jugend- und F\u00fcrsorgewerkes unterzeichnet. Der Skiverband Berlin (SVB) geh\u00f6rt ebenfalls zu den Unterzeichnern, die sich damit verpflichten, den Kinderschutz dieser Erkl\u00e4rung entsprechend zu einer wichtigen Aufgabe ihrer Arbeit im Sport zu machen. \u201eKinderschutz\u201c in der Erkl\u00e4rung des LSB umfasst auch den Jugendschutz. Im Januar 2024 hat der Landessportbund Berlin den Berliner Schneehasen das Kinderschutzsiegel zuerkannt. Grundlage ist unser Konzept f\u00fcr den Kinder- und Jugendschutz. Dieses hat der Vorstand des Vereins im Dezember 2023 beschlossen.<br \/>\nEs ist f\u00fcr den Umgang mit Kindern und jugendlichen in unserem verein verbindlich.<\/p>\n<p><span style=\"color: #0000ff;\"><strong><em>Unsere Beauftragten f\u00fcr den Kinder- und Jugendschutz<\/em><\/strong><\/span><\/p>\n<p><a href=\"kinder-jugend-schutz-weyer@berliner-schneehasen.de\"><strong><em>Cordula Weyer<\/em><\/strong><\/a> und <a href=\"kinder-jugend-schutz-preuss@berliner-schneehasen.de\"><strong><em>Bert-Siegmar Preu\u00df<\/em><\/strong><\/a>\u00a0 sind die Beauftragten des Vereins f\u00fcr den Kinder- und Jugendschutz . Sie haben es \u00fcbernommen, in unserem Verein Strukturen f\u00fcr einen wirksamen Kinder- und Jugendschutz zu etablieren.Beide \u00fcbernehmen es, in unserem Verein entsprechend der Erkl\u00e4rung zum Kinderschutz Strukturen f\u00fcr einen wirksamen Kinder- und Jugendschutz zu entwickeln und zu etablieren.<\/p>\n<p>Die beiden Beauftragten stehen f\u00fcr alle Interessierten im Verein (Kinder, Jugendliche, Eltern, \u00dcbungsleiter, Trainer, Vorstand etc.) als Ansprechpartner zur Verf\u00fcgung. Zu erreichen sind sie per Mail unter den Adressen<\/p>\n<p><a href=\"mailto:kinder-jugend-schutz-weyer@berliner-schneehasen.de\">kinder-jugend-schutz-weyer@berliner-schneehasen.de<\/a><\/p>\n<p><a href=\"mailto:kinder-jugend-schutz-preuss@berliner-schneehasen.de\">kinder-jugend-schutz-preuss@berliner-schneehasen.de<\/a><\/p>\n<p>Zugriff auf die jeweilige Mail-Adresse hat ausschlie\u00dflich die bzw. der Beauftragte.<\/p>\n<p>&nbsp;<\/p>\n<p>Im Notfall ist der Berliner Notdienst Kinderschutz ganzj\u00e4hrig rund um die Uhr \u00fcber die Hotline Kinderschutz, Tel.-Nr.: 030 &#8211; 61 00 66, zu erreichen.<\/p>\n<p>&nbsp;<\/p>\n<p><span style=\"font-size: 16px; color: #0000ff;\"><strong><em>Unsere Grunds\u00e4tze des Kinder- und Jugendschutzes<\/em><\/strong><\/span><\/p>\n<p><strong>\u00a0<\/strong>[\/vc_column_text][vc_column_text]<div class=\"vcex-spacing\" style=\"height:30px\"><\/div>\n<p><strong>Der Verein und seine \u00dcbungsleiter und \u00dcbungsleiterinnen, Betreuer und Betreuerinnen verpflichten sich folgenden Regeln zum Kinder-Jugendschutz:<\/strong><\/p>\n<ol>\n<li>\n<h3>VERANTWORTUNG \u00dcBERNEHMEN<\/h3>\n<\/li>\n<\/ol>\n<p>Wir \u00fcbernehmen Verantwortung f\u00fcr das Wohl der uns anvertrauten Kinder und Jugendlichen und werden das uns M\u00f6gliche tun, um sie vor Vernachl\u00e4ssigung, Misshandlung und sexueller Gewalt sowie vor gesundheitlicher Beeintr\u00e4chtigung und vor Diskriminierung jeglicher Art zu sch\u00fctzen.<\/p>\n<ol start=\"2\">\n<li>\n<h3>RECHTE ACHTEN<\/h3>\n<\/li>\n<\/ol>\n<p>Wir achten das Recht der uns anvertrauten Kinder und Jugendlichen auf k\u00f6rperliche Unversehrtheit und Intimsph\u00e4re und \u00fcben keine Form der Gewalt, sei sie physischer, psychischer oder sexueller Art, aus.<\/p>\n<ol start=\"3\">\n<li>\n<h3>GRENZEN RESPEKTIEREN<\/h3>\n<\/li>\n<\/ol>\n<p>Wir respektieren die individuellen Grenzempfindungen der uns anvertrauten Kinder und Jugendlichen und achten darauf, dass auch die Kinder und Jugendlichen diese Grenzen im Umgang miteinander respektieren.<\/p>\n<ol start=\"4\">\n<li>\n<h3>SPORTLICHE UND PERS\u00d6NLICHE ENTWICKLUNG F\u00d6RDERN<\/h3>\n<\/li>\n<\/ol>\n<p>Wir achten unsere Kinder und Jugendlichen und f\u00f6rdern ihre sportliche und pers\u00f6nliche Entwicklung. Wir leiten sie zu einem angemessenen sozialen Verhalten gegen\u00fcber anderen Menschen, zu Respekt und Toleranz sowie zu Fair Play an.<\/p>\n<ol start=\"5\">\n<li>\n<h3>ALTERSGERECHTE ZIELE VERFOLGEN<\/h3>\n<\/li>\n<\/ol>\n<p>Wir richten unser sportliches Angebot und unsere sportlichen Ziele nach dem Entwicklungsstand der uns anvertrauten Kinder und Jugendlichen aus und setzen altersgerechte Trainingsmethoden ein.<\/p>\n<ol start=\"6\">\n<li>\n<h3>PERS\u00d6NLICHKEITSRECHTE WAHREN<\/h3>\n<\/li>\n<\/ol>\n<p>Wir behandeln die uns anvertrauten oder zug\u00e4nglichen Daten der Kinder und Jugendlichen streng vertraulich und gehen mit Bild- und Videomaterial, das die Kinder und Jugendlichen zeigt, unter Beachtung des Datenschutzes und \u00a7201a StGB sensibel und verantwortungsbewusst um.<\/p>\n<ol start=\"7\">\n<li>\n<h3>AKTIV EINSCHREITEN<\/h3>\n<\/li>\n<\/ol>\n<p>Wir informieren im Konflikt- oder Verdachtsfall sowie bei einem Versto\u00df gegen diesen Verhaltenskodex den Ansprechpartner unseres Vereins, um professionelle fachliche Unterst\u00fctzung und Hilfe hinzuzuziehen. Der Schutz der Kinder und Jugendlichen steht dabei an erster Stelle.[\/vc_column_text][\/vc_column][\/vc_row]\n","protected":false},"excerpt":{"rendered":"<p>[vc_row center_row=&#8220;&#8220; css=&#8220;.vc_custom_1581792230179{margin-bottom: 40px !important;}&#8220;][vc_column][vc_column_text]Erkl\u00e4rung zum Kinderschutz Der Verein Berliner Schneehasen e.V. hat wie viele andere Berliner Sportvereine und Sportverb\u00e4nde bereits 2011 die gemeinsame Erkl\u00e4rung zum Kinderschutz des Landessportbundes Berlin (LSB), der Sportjugend Berlin und des Evangelischen Jugend- und F\u00fcrsorgewerkes unterzeichnet. Der Skiverband Berlin (SVB) geh\u00f6rt ebenfalls zu den Unterzeichnern, die sich damit verpflichten, den&hellip;<\/p>\n","protected":false},"author":1,"featured_media":0,"parent":0,"menu_order":0,"comment_status":"closed","ping_status":"closed","template":"","meta":{"footnotes":""},"class_list":["post-624","page","type-page","status-publish","hentry","entry","no-media"],"_links":{"self":[{"href":"https:\/\/berliner-schneehasen.com\/index.php?rest_route=\/wp\/v2\/pages\/624","targetHints":{"allow":["GET"]}}],"collection":[{"href":"https:\/\/berliner-schneehasen.com\/index.php?rest_route=\/wp\/v2\/pages"}],"about":[{"href":"https:\/\/berliner-schneehasen.com\/index.php?rest_route=\/wp\/v2\/types\/page"}],"author":[{"embeddable":true,"href":"https:\/\/berliner-schneehasen.com\/index.php?rest_route=\/wp\/v2\/users\/1"}],"replies":[{"embeddable":true,"href":"https:\/\/berliner-schneehasen.com\/index.php?rest_route=%2Fwp%2Fv2%2Fcomments&post=624"}],"version-history":[{"count":9,"href":"https:\/\/berliner-schneehasen.com\/index.php?rest_route=\/wp\/v2\/pages\/624\/revisions"}],"predecessor-version":[{"id":1495,"href":"https:\/\/berliner-schneehasen.com\/index.php?rest_route=\/wp\/v2\/pages\/624\/revisions\/1495"}],"wp:attachment":[{"href":"https:\/\/berliner-schneehasen.com\/index.php?rest_route=%2Fwp%2Fv2%2Fmedia&parent=624"}],"curies":[{"name":"wp","href":"https:\/\/api.w.org\/{rel}","templated":true}]}}