{"id":617,"date":"2020-05-04T14:37:36","date_gmt":"2020-05-04T12:37:36","guid":{"rendered":"https:\/\/berliner-schneehasen.com%20?page_id=617"},"modified":"2025-12-30T19:10:38","modified_gmt":"2025-12-30T18:10:38","slug":"beitragsuebersicht","status":"publish","type":"page","link":"https:\/\/berliner-schneehasen.com\/?page_id=617","title":{"rendered":"Beitrags\u00fcbersicht"},"content":{"rendered":"[vc_row center_row=&#8220;&#8220; css=&#8220;.vc_custom_1581792230179{margin-bottom: 40px !important;}&#8220;][vc_column][vc_column_text]<div class=\"vcex-spacing\" style=\"height:30px\"><\/div>\n<p>Als Vereinsmitglied k\u00f6nnen Sie alle Vereinssportangebote nutzen, ohne dass zus\u00e4tzliche Kosten f\u00fcr weitere Sportteilnahmen entstehen. Wer Zeit und Spa\u00df hat kann t\u00e4glich Sport machen und zahlt einen j\u00e4hrlichen Vereinsbeitrag.<br \/>\nFamilien zahlen einen Gesamtbeitrag, sofern die Kinder unter 26 Jahren sind.<\/p>\n<p>Ein Austritt mu\u00df dem Verein\u00a0 schriftlich mitgeteilt werden.<br \/>\nDie K\u00fcndigungsfrist betr\u00e4gt einen Monat zum Halbjahresende oder zum Jahresende.<\/p>\n<p>Weiterhin gibt es neben der Vereinsmitgliedschaft das Kursprogramm. F\u00fcr das Kursprogramm ist keine Mitgliedschaft n\u00f6tig, man meldet sich einmalig f\u00fcr den gew\u00fcnschten Kurs an. Dieser ist individuell f\u00fcr jeweils ein Halbjahr zu bezahlen.<\/p>\n<p>Vereinsmitglieder, welche\u00a0 die Kursprogramme besuchen, zahlen dort verg\u00fcnstigte Kursgeb\u00fchren.<\/p>\n<h3>Die Jahresbeitr\u00e4ge der Vereinsmitgliedschaft sind:<\/h3>\n[\/vc_column_text][vc_column_text]\n<table class=\" alignleft\">\n<tbody>\n<tr>\n<td><\/td>\n<td><\/td>\n<\/tr>\n<tr>\n<td><span style=\"font-size: 14px;\"><strong>Kinder und junge Erwachsene bis 25 Jahren<\/strong><\/span><\/td>\n<td><span style=\"font-size: 14px;\"><strong>120,00 \u20ac<\/strong><\/span><\/td>\n<\/tr>\n<tr>\n<td style=\"text-align: left;\"><span style=\"font-size: 14px;\"><strong>Erwachsene<\/strong><\/span><\/td>\n<td><span style=\"font-size: 14px;\"><strong><br \/>\n140,00 \u20ac<\/strong><\/span>&nbsp;<\/td>\n<\/tr>\n<tr>\n<td><span style=\"font-size: 14px;\"><strong>Familien<\/strong><\/span><\/td>\n<td><span style=\"font-size: 14px;\"><strong><br \/>\n250,00 \u20ac<\/strong><\/span>&nbsp;<\/td>\n<\/tr>\n<tr>\n<td><span style=\"font-size: 14px;\"><strong>Aufnahme Einzel (einmalig)<\/strong><\/span><\/td>\n<td><span style=\"font-size: 14px;\"><strong>10,00 \u20ac<\/strong><\/span><\/td>\n<\/tr>\n<tr>\n<td><span style=\"font-size: 14px;\"><strong>Aufnahme Familie (einmalig)<\/strong><\/span><\/td>\n<td><span style=\"font-size: 14px;\"><strong>20,00 \u20ac<\/strong><\/span><\/td>\n<\/tr>\n<tr>\n<td><span style=\"font-size: 14px;\"><strong>Passive Mitgliedschaft<\/strong><\/span><\/td>\n<td><span style=\"font-size: 14px;\"><strong><br \/>\n35,00 \u20ac<\/strong><\/span>&nbsp;<\/td>\n<\/tr>\n<\/tbody>\n<\/table>\n[\/vc_column_text][\/vc_column][\/vc_row]\n","protected":false},"excerpt":{"rendered":"<p>[vc_row center_row=&#8220;&#8220; css=&#8220;.vc_custom_1581792230179{margin-bottom: 40px !important;}&#8220;][vc_column][vc_column_text] Als Vereinsmitglied k\u00f6nnen Sie alle Vereinssportangebote nutzen, ohne dass zus\u00e4tzliche Kosten f\u00fcr weitere Sportteilnahmen entstehen. Wer Zeit und Spa\u00df hat kann t\u00e4glich Sport machen und zahlt einen j\u00e4hrlichen Vereinsbeitrag. Familien zahlen einen Gesamtbeitrag, sofern die Kinder unter 26 Jahren sind. Ein Austritt mu\u00df dem Verein\u00a0 schriftlich mitgeteilt werden. Die K\u00fcndigungsfrist&hellip;<\/p>\n","protected":false},"author":1,"featured_media":0,"parent":0,"menu_order":0,"comment_status":"closed","ping_status":"closed","template":"","meta":{"footnotes":""},"class_list":["post-617","page","type-page","status-publish","hentry","entry","no-media"],"_links":{"self":[{"href":"https:\/\/berliner-schneehasen.com\/index.php?rest_route=\/wp\/v2\/pages\/617","targetHints":{"allow":["GET"]}}],"collection":[{"href":"https:\/\/berliner-schneehasen.com\/index.php?rest_route=\/wp\/v2\/pages"}],"about":[{"href":"https:\/\/berliner-schneehasen.com\/index.php?rest_route=\/wp\/v2\/types\/page"}],"author":[{"embeddable":true,"href":"https:\/\/berliner-schneehasen.com\/index.php?rest_route=\/wp\/v2\/users\/1"}],"replies":[{"embeddable":true,"href":"https:\/\/berliner-schneehasen.com\/index.php?rest_route=%2Fwp%2Fv2%2Fcomments&post=617"}],"version-history":[{"count":9,"href":"https:\/\/berliner-schneehasen.com\/index.php?rest_route=\/wp\/v2\/pages\/617\/revisions"}],"predecessor-version":[{"id":1707,"href":"https:\/\/berliner-schneehasen.com\/index.php?rest_route=\/wp\/v2\/pages\/617\/revisions\/1707"}],"wp:attachment":[{"href":"https:\/\/berliner-schneehasen.com\/index.php?rest_route=%2Fwp%2Fv2%2Fmedia&parent=617"}],"curies":[{"name":"wp","href":"https:\/\/api.w.org\/{rel}","templated":true}]}}