{"id":43,"date":"2015-01-16T22:02:10","date_gmt":"2015-01-16T22:02:10","guid":{"rendered":"http:\/\/totaltheme.wpengine.com\/portfolio\/?page_id=43"},"modified":"2026-04-21T22:50:39","modified_gmt":"2026-04-21T20:50:39","slug":"home","status":"publish","type":"page","link":"https:\/\/berliner-schneehasen.com\/","title":{"rendered":"Home"},"content":{"rendered":"[vc_row full_width=&#8220;stretch_row_content_no_spaces&#8220; remove_bottom_col_margin=&#8220;true&#8220;][vc_column][vc_column_text][rev_slider_vc alias=&#8220;nouveau-homepage1&#8243;][\/vc_column_text][\/vc_column][\/vc_row][vc_row remove_bottom_col_margin=&#8220;true&#8220; css=&#8220;.vc_custom_1596120972581{margin-top: 50px !important;}&#8220;][vc_column][vc_column_text responsive_text=&#8220;true&#8220; text_align=&#8220;left&#8220; font_size=&#8220;14px&#8220;]Die Berliner Schneehasen, die urspr\u00fcnglich als Skiverein 1952 in Frohnau gegr\u00fcndet wurden, haben sich inzwischen zu einem der gr\u00f6\u00dften Reinickendorfer Sportvereine und zum gr\u00f6\u00dften Berliner Skiverein entwickelt.<\/p>\n<p style=\"text-align: justify;\">Wir bieten unseren Mitgliedern ein umfangreiches und vielf\u00e4ltiges Sportangebot f\u00fcr\u00a0 Kinder und Erwachsene in den Bereichen Breitensport, Gesundheitssport und Schneesport.<br \/>\nMit unserem Kursprogramm\u00a0 in den Sporthallen der Evangelischen Schule Frohnau offerieren wir auch f\u00fcr Nichtvereinsmitglieder ein attraktives und abwechslungsreiches Sportangebot.<\/p>\n<p>Seit Januar 2024 f\u00fchren die Berliner Schneehasen das Kinderschutzsiegel des Landessportbundes Berlin.<\/p>\n<hr \/>\n[\/vc_column_text][\/vc_column][vc_column][\/vc_column][\/vc_row][vc_row center_row=&#8220;&#8220; css=&#8220;.vc_custom_1596120982672{margin-top: 59px !important;border-bottom-width: 0px !important;padding-bottom: 0px !important;}&#8220;][vc_column width=&#8220;1\/3&#8243; css=&#8220;.vc_custom_1588598163065{border-right-width: 2px !important;border-right-color: #316dc5 !important;}&#8220;]<div class=\"vcex-module vcex-heading vcex-heading-plain\" style=\"font-weight:900;text-transform:uppercase;\"><span class=\"vcex-heading-inner clr\">Neue Mitgliedsbeitr\u00e4ge ab 2026<\/span><\/div>[vc_column_text]Die Mitgliederversammlung der Berliner Schneehasen hat am 24. Juni 2025 folgende neue Mitgliedsbeitr\u00e4ge beschlossen:<\/p>\n<table>\n<tbody>\n<tr>\n<td width=\"201\"><\/td>\n<td width=\"148\"><strong>Neu ab 2026<\/strong><\/td>\n<\/tr>\n<tr>\n<td width=\"201\">Kinder und junge Erwachsene bis 25 Jahren<\/td>\n<td width=\"148\">120,00 \u20ac<\/td>\n<\/tr>\n<tr>\n<td width=\"201\">Erwachsene<\/td>\n<td width=\"148\">140,00 \u20ac<\/p>\n<p>&nbsp;<\/td>\n<\/tr>\n<tr>\n<td width=\"201\">Familien<\/td>\n<td width=\"148\">250,00 \u20ac<\/p>\n<p>&nbsp;<\/td>\n<\/tr>\n<tr>\n<td width=\"201\">Aufnahme Einzel (einmalig)<\/td>\n<td width=\"148\">10,00 \u20ac<\/td>\n<\/tr>\n<tr>\n<td width=\"201\">Aufnahme Familie (einmalig)<\/td>\n<td width=\"148\">20,00 \u20ac<\/td>\n<\/tr>\n<tr>\n<td width=\"201\">Passive Mitgliedschaft<\/td>\n<td width=\"148\">35,00 \u20ac<\/p>\n<p>&nbsp;<\/td>\n<\/tr>\n<\/tbody>\n<\/table>\n<p>Die \u00c4nderung der Beitragsregelung tritt ab dem 01.01.2026 in Kraft[\/vc_column_text]<div class=\"vcex-spacing\" style=\"height:10px\"><\/div><div class=\"vcex-module vcex-divider vcex-divider-solid\"><\/div><div class=\"vcex-spacing\" style=\"height:10px\"><\/div>[vc_single_image image=&#8220;1374&#8243; img_size=&#8220;thumbnail&#8220;][\/vc_column][vc_column width=&#8220;1\/3&#8243;]<div class=\"vcex-module vcex-heading vcex-heading-graphical\" style=\"font-size:14px;font-weight:700;\"><span class=\"vcex-heading-inner clr\">Bitte beachten Sie unser aktuelles Sportangebot:<\/span><\/div>[vc_column_text]<a href=\"https:\/\/berliner-schneehasen.com\/?page_id=989\">Vereinsangebot \u2013 Berliner Schneehasen e.V.<\/a><\/p>\n<p><a href=\"https:\/\/berliner-schneehasen.com\/?page_id=638\">Kursprogramm \u2013 Berliner Schneehasen e.V.<\/a><\/p>\n<p>Bei vielen Gruppen sind noch Pl\u00e4tze frei erkunden Sie sich per E-Mail: <a href=\"mailto:info@berliner-schneehasen.de\">info@berliner-schneehasen.de<\/a>\u00a0oder unter <a href=\"https:\/\/www.google.com\/search?q=berliner+schneehasen+ev&amp;sca_esv=2a472384600eacae&amp;sxsrf=ADLYWIJ5upgWtPkijR1PtgvsFMvvXf0u-g%3A1737286803662&amp;ei=k-SMZ5eLKO-D9u8PwcT5wAI&amp;ved=0ahUKEwjXoLjW2YGLAxXvgf0HHUFiHigQ4dUDCBA&amp;uact=5&amp;oq=berliner+schneehasen+ev&amp;gs_lp=Egxnd3Mtd2l6LXNlcnAiF2JlcmxpbmVyIHNjaG5lZWhhc2VuIGV2MgoQIxiABBgnGIoFMg4QLhiABBjHARiOBRivATICECYyCBAAGIAEGKIEMgUQABjvBTIIEAAYgAQYogRI7jBQnANY7ixwAXgBkAEBmAGtAqABhReqAQczLjkuNS4xuAEDyAEA-AEBmAIQoAK7EsICBxAjGLADGCfCAgoQABiwAxjWBBhHwgINEAAYgAQYsAMYQxiKBcICGRAuGIAEGLADGNEDGEMYxwEYyAMYigXYAQHCAgQQIxgnwgILEAAYgAQYsQMYgwHCAgUQABiABMICCBAAGIAEGLEDwgIIEC4YgAQY1ALCAgsQLhiABBjHARivAcICBhAAGBYYHpgDAIgGAZAGFLoGBggBEAEYCJIHBjEuMTIuM6AH4boB&amp;sclient=gws-wiz-serp#\" data-dtype=\"d3ph\" data-local-attribute=\"d3ph\" data-ved=\"2ahUKEwiDxI_c2YGLAxUIgf0HHdNvCsMQkAgoAHoECDQQAw\"><span aria-label=\"030 40103537 anrufen\">030 40103537<\/span><\/a><\/p>\n<p>&nbsp;<\/p>\n<hr \/>\n<p>&nbsp;<\/p>\n<p style=\"text-align: center;\"><span style=\"color: #ff0000;\"><strong>Bitte beachten Sie unser Kursprogramm auch f\u00fcr Nichtmitglieder\u00a0<\/strong><\/span><\/p>\n<p style=\"text-align: center;\"><span style=\"font-size: 12px; color: #800080;\">Sport ab nicht einmal 3,50\u20ac\/Stunde<\/span><\/p>\n[\/vc_column_text]<div class=\"vcex-module vcex-divider vcex-divider-solid\"><\/div><div class=\"vcex-spacing\" style=\"height:30px\"><\/div><div class=\"vcex-module vcex-heading vcex-heading-plain\" style=\"font-size:18px;font-weight:700;\"><span class=\"vcex-heading-inner clr\">Mit Wo Wa \u00fcber Pfingsten zum Fahrradfahren in die L\u00fcneburger Heide<\/span><\/div>[vc_column_text]Wolfgang Watzek veranstaltet \u00fcber Pfingsten (22.05.-25.05.2026) seine traditionelle Reise zum Fahrradfahren nach Isenb\u00fcttel in der L\u00fcneburger Heide.<\/p>\n<p>N\u00e4her Informationen zur Tour und das Anmeldeformular finden Sie hier:<\/p>\n<p><a href=\"https:\/\/berliner-schneehasen.com\/wp-content\/uploads\/2026\/02\/bs_pfingsten2026_isenbuettel.pdf\">bs_pfingsten2026_isenb\u00fcttel<\/a>[\/vc_column_text]<div class=\"vcex-module vcex-divider vcex-divider-solid\"><\/div><div class=\"vcex-spacing\" style=\"height:30px\"><\/div>[\/vc_column][vc_column width=&#8220;1\/3&#8243;]<div class=\"vcex-spacing\" style=\"height:80px\"><\/div>[vc_single_image image=&#8220;1503&#8243; img_size=&#8220;medium&#8220;][vc_column_text]\n<p>&nbsp;<\/p>\n<p style=\"text-align: center;\">Save the date<\/p>\n<p style=\"text-align: center;\">am 13. Juni 2026<\/p>\n<p style=\"text-align: center;\">von 11-13 Uhr<\/p>\n<p style=\"text-align: center;\">Wasserski in Velten<\/p>\n[\/vc_column_text][vc_single_image image=&#8220;1737&#8243;][\/vc_column][vc_column][\/vc_column][\/vc_row][vc_row remove_bottom_col_margin=&#8220;true&#8220; css=&#8220;.vc_custom_1596120972581{margin-top: 50px !important;}&#8220;][vc_column][vc_column_text]<strong>Mitglied im:<\/strong>[\/vc_column_text][vc_column_text responsive_text=&#8220;true&#8220; text_align=&#8220;left&#8220; font_size=&#8220;14px&#8220;]<a href=\"https:\/\/www.skiverband-berlin.de\" target=\"_blank\" rel=\"noopener noreferrer\"><img decoding=\"async\" class=\"wp-image-986 alignleft\" src=\"https:\/\/berliner-schneehasen.com\/wp-content\/uploads\/2020\/11\/logo_svb_t.gif\" alt=\"\" width=\"91\" height=\"19\" \/><\/a><\/p>\n<p>Skiverband Berlin e.V.[\/vc_column_text][vc_single_image image=&#8220;1571&#8243;][\/vc_column][\/vc_row][vc_row][vc_column width=&#8220;1\/3&#8243;][\/vc_column][vc_column width=&#8220;1\/3&#8243;][\/vc_column][\/vc_row]\n","protected":false},"excerpt":{"rendered":"<p>[vc_row full_width=&#8220;stretch_row_content_no_spaces&#8220; remove_bottom_col_margin=&#8220;true&#8220;][vc_column][vc_column_text][rev_slider_vc alias=&#8220;nouveau-homepage1&#8243;][\/vc_column_text][\/vc_column][\/vc_row][vc_row remove_bottom_col_margin=&#8220;true&#8220; css=&#8220;.vc_custom_1596120972581{margin-top: 50px !important;}&#8220;][vc_column][vc_column_text responsive_text=&#8220;true&#8220; text_align=&#8220;left&#8220; font_size=&#8220;14px&#8220;]Die Berliner Schneehasen, die urspr\u00fcnglich als Skiverein 1952 in Frohnau gegr\u00fcndet wurden, haben sich inzwischen zu einem der gr\u00f6\u00dften Reinickendorfer Sportvereine und zum gr\u00f6\u00dften Berliner Skiverein entwickelt. Wir bieten unseren Mitgliedern ein umfangreiches und vielf\u00e4ltiges Sportangebot f\u00fcr\u00a0 Kinder und Erwachsene in den Bereichen Breitensport, Gesundheitssport&hellip;<\/p>\n","protected":false},"author":1,"featured_media":0,"parent":0,"menu_order":0,"comment_status":"closed","ping_status":"closed","template":"","meta":{"footnotes":""},"class_list":["post-43","page","type-page","status-publish","hentry","entry","no-media"],"_links":{"self":[{"href":"https:\/\/berliner-schneehasen.com\/index.php?rest_route=\/wp\/v2\/pages\/43","targetHints":{"allow":["GET"]}}],"collection":[{"href":"https:\/\/berliner-schneehasen.com\/index.php?rest_route=\/wp\/v2\/pages"}],"about":[{"href":"https:\/\/berliner-schneehasen.com\/index.php?rest_route=\/wp\/v2\/types\/page"}],"author":[{"embeddable":true,"href":"https:\/\/berliner-schneehasen.com\/index.php?rest_route=\/wp\/v2\/users\/1"}],"replies":[{"embeddable":true,"href":"https:\/\/berliner-schneehasen.com\/index.php?rest_route=%2Fwp%2Fv2%2Fcomments&post=43"}],"version-history":[{"count":430,"href":"https:\/\/berliner-schneehasen.com\/index.php?rest_route=\/wp\/v2\/pages\/43\/revisions"}],"predecessor-version":[{"id":1739,"href":"https:\/\/berliner-schneehasen.com\/index.php?rest_route=\/wp\/v2\/pages\/43\/revisions\/1739"}],"wp:attachment":[{"href":"https:\/\/berliner-schneehasen.com\/index.php?rest_route=%2Fwp%2Fv2%2Fmedia&parent=43"}],"curies":[{"name":"wp","href":"https:\/\/api.w.org\/{rel}","templated":true}]}}